{"id":233,"date":"2021-01-16T19:28:32","date_gmt":"2021-01-16T19:28:32","guid":{"rendered":"http:\/\/hoffmann-fessner.de\/?page_id=233"},"modified":"2024-04-28T09:22:34","modified_gmt":"2024-04-28T09:22:34","slug":"was-2","status":"publish","type":"page","link":"https:\/\/hoffmann-fessner.de\/?page_id=233","title":{"rendered":"Was"},"content":{"rendered":"\n<p style=\"font-size:24px\"><strong>Was sind meine politischen Ziele?<\/strong><\/p>\n\n\n\n<p>Ich<\/p>\n\n\n\n<ul class=\"wp-block-list\">\n<li>will mehr Mut in der Politik, politische Entscheidungen m\u00fcssen auch dann getroffen werden, wenn sie vermeintlich unpopul\u00e4r sind<\/li>\n\n\n\n<li>m\u00f6chte Bildungsgerechtigkeit f\u00fcr alle Wiesbadener Kinder, das bedeutet f\u00fcr mich: gute Schulr\u00e4ume, optimale Ausstattung und Betreuung. Kein Kind soll wegen seiner Herkunft, Religion oder Hautfarbe zur\u00fcckbleiben<\/li>\n\n\n\n<li>setze mich f\u00fcr ausreichend bezahlbaren Wohnraum ein, Wiesbaden wird demn\u00e4chst 300.000 Einwohner haben, da gilt es, alle Hebel in Bewegung zu setzen<\/li>\n\n\n\n<li>setze mich f\u00fcr echte Geschlechtergerechtigkeit ein. Die Quote kann hierf\u00fcr ein gutes Mittel sein. Hierbei stellt sich f\u00fcr mich nicht die Frage \u201eWarum Quote?\u201c sondern die Frage \u201eWarum nicht?\u201c Schlie\u00dflich ist die H\u00e4lfte der Bev\u00f6lkerung weiblich und hat durchschnittlich die besseren Bildungsabschl\u00fcsse\u2026<\/li>\n\n\n\n<li>k\u00e4mpfe gegen rechte Hetze und lasse nicht zu, dass mit fremdenfeindlichen Spr\u00fcchen gehetzt wird. Wir sehen gerade im Moment unter dem Mantel des Spie\u00dfb\u00fcrgertums die h\u00e4ssliche Fratze der Ewiggestrigen. Nie mehr!<\/li>\n\n\n\n<li>will, dass Politik wieder als glaubhaft wahrgenommen wird und nicht als \u201egegen\u201c die B\u00fcrgerinnen und B\u00fcrger. Daf\u00fcr werde ich arbeiten.<\/li>\n\n\n\n<li>m\u00f6chte vermitteln, dass &#8222;Politik&#8220; immer da ist, nicht nur zu Wahlk\u00e4mpfen. Deshalb bin ich regelm\u00e4\u00dfig mit meinem Ortsverein in Frauenstein bei Politik vor Ort auf der Stra\u00dfe und f\u00fcr die B\u00fcrger da<\/li>\n\n\n\n<li>m\u00f6chte versuchen, Wiesbaden als attraktive Stadt nach vorne zu bewegen. Bei immer knapper werdenden Mitteln eine gro\u00dfe Herausforderung, die echter demokratischer Kraftanstrengungen bedarf<\/li>\n<\/ul>\n","protected":false},"excerpt":{"rendered":"<p>Was sind meine politischen Ziele? Ich<\/p>\n","protected":false},"author":1,"featured_media":0,"parent":0,"menu_order":0,"comment_status":"closed","ping_status":"closed","template":"","meta":{"_EventAllDay":false,"_EventTimezone":"","_EventStartDate":"","_EventEndDate":"","_EventStartDateUTC":"","_EventEndDateUTC":"","_EventShowMap":false,"_EventShowMapLink":false,"_EventURL":"","_EventCost":"","_EventCostDescription":"","_EventCurrencySymbol":"","_EventCurrencyCode":"","_EventCurrencyPosition":"","_EventDateTimeSeparator":"","_EventTimeRangeSeparator":"","_EventOrganizerID":[],"_EventVenueID":[],"_OrganizerEmail":"","_OrganizerPhone":"","_OrganizerWebsite":"","_VenueAddress":"","_VenueCity":"","_VenueCountry":"","_VenueProvince":"","_VenueState":"","_VenueZip":"","_VenuePhone":"","_VenueURL":"","_VenueStateProvince":"","_VenueLat":"","_VenueLng":"","_VenueShowMap":false,"_VenueShowMapLink":false,"footnotes":""},"class_list":["post-233","page","type-page","status-publish","hentry"],"yoast_head":"<!-- This site is optimized with the Yoast SEO plugin v26.8 - https:\/\/yoast.com\/product\/yoast-seo-wordpress\/ -->\n<title>Was - Susanne Hoffmann-Fessner<\/title>\n<meta name=\"robots\" content=\"index, follow, max-snippet:-1, max-image-preview:large, max-video-preview:-1\" \/>\n<link rel=\"canonical\" href=\"https:\/\/hoffmann-fessner.de\/?page_id=233\" \/>\n<meta property=\"og:locale\" content=\"de_DE\" \/>\n<meta property=\"og:type\" content=\"article\" \/>\n<meta property=\"og:title\" content=\"Was - Susanne Hoffmann-Fessner\" \/>\n<meta property=\"og:description\" content=\"Was sind meine politischen Ziele? Ich\" \/>\n<meta property=\"og:url\" content=\"https:\/\/hoffmann-fessner.de\/?page_id=233\" \/>\n<meta property=\"og:site_name\" content=\"Susanne Hoffmann-Fessner\" \/>\n<meta property=\"article:modified_time\" content=\"2024-04-28T09:22:34+00:00\" \/>\n<meta name=\"twitter:card\" content=\"summary_large_image\" \/>\n<meta name=\"twitter:label1\" content=\"Gesch\u00e4tzte Lesezeit\" \/>\n\t<meta name=\"twitter:data1\" content=\"1\u00a0Minute\" \/>\n<script type=\"application\/ld+json\" class=\"yoast-schema-graph\">{\"@context\":\"https:\/\/schema.org\",\"@graph\":[{\"@type\":\"WebPage\",\"@id\":\"https:\/\/hoffmann-fessner.de\/?page_id=233\",\"url\":\"https:\/\/hoffmann-fessner.de\/?page_id=233\",\"name\":\"Was - Susanne Hoffmann-Fessner\",\"isPartOf\":{\"@id\":\"https:\/\/hoffmann-fessner.de\/#website\"},\"datePublished\":\"2021-01-16T19:28:32+00:00\",\"dateModified\":\"2024-04-28T09:22:34+00:00\",\"breadcrumb\":{\"@id\":\"https:\/\/hoffmann-fessner.de\/?page_id=233#breadcrumb\"},\"inLanguage\":\"de\",\"potentialAction\":[{\"@type\":\"ReadAction\",\"target\":[\"https:\/\/hoffmann-fessner.de\/?page_id=233\"]}]},{\"@type\":\"BreadcrumbList\",\"@id\":\"https:\/\/hoffmann-fessner.de\/?page_id=233#breadcrumb\",\"itemListElement\":[{\"@type\":\"ListItem\",\"position\":1,\"name\":\"Startseite\",\"item\":\"https:\/\/hoffmann-fessner.de\/\"},{\"@type\":\"ListItem\",\"position\":2,\"name\":\"Was\"}]},{\"@type\":\"WebSite\",\"@id\":\"https:\/\/hoffmann-fessner.de\/#website\",\"url\":\"https:\/\/hoffmann-fessner.de\/\",\"name\":\"Susanne Hoffmann-Fessner\",\"description\":\"\",\"publisher\":{\"@id\":\"https:\/\/hoffmann-fessner.de\/#\/schema\/person\/2df4f7f5132f93adf6058efe07541a2d\"},\"potentialAction\":[{\"@type\":\"SearchAction\",\"target\":{\"@type\":\"EntryPoint\",\"urlTemplate\":\"https:\/\/hoffmann-fessner.de\/?s={search_term_string}\"},\"query-input\":{\"@type\":\"PropertyValueSpecification\",\"valueRequired\":true,\"valueName\":\"search_term_string\"}}],\"inLanguage\":\"de\"},{\"@type\":[\"Person\",\"Organization\"],\"@id\":\"https:\/\/hoffmann-fessner.de\/#\/schema\/person\/2df4f7f5132f93adf6058efe07541a2d\",\"name\":\"SusanneAdmin1963\",\"image\":{\"@type\":\"ImageObject\",\"inLanguage\":\"de\",\"@id\":\"https:\/\/hoffmann-fessner.de\/#\/schema\/person\/image\/\",\"url\":\"https:\/\/secure.gravatar.com\/avatar\/25c3c22a0e6384a630767a9f9dac58d07da1a4000113f8ee3ee81ae797d8a025?s=96&d=mm&r=g\",\"contentUrl\":\"https:\/\/secure.gravatar.com\/avatar\/25c3c22a0e6384a630767a9f9dac58d07da1a4000113f8ee3ee81ae797d8a025?s=96&d=mm&r=g\",\"caption\":\"SusanneAdmin1963\"},\"logo\":{\"@id\":\"https:\/\/hoffmann-fessner.de\/#\/schema\/person\/image\/\"},\"sameAs\":[\"http:\/\/hoffmann-fessner.de\"]}]}<\/script>\n<!-- \/ Yoast SEO plugin. -->","yoast_head_json":{"title":"Was - Susanne Hoffmann-Fessner","robots":{"index":"index","follow":"follow","max-snippet":"max-snippet:-1","max-image-preview":"max-image-preview:large","max-video-preview":"max-video-preview:-1"},"canonical":"https:\/\/hoffmann-fessner.de\/?page_id=233","og_locale":"de_DE","og_type":"article","og_title":"Was - Susanne Hoffmann-Fessner","og_description":"Was sind meine politischen Ziele? Ich","og_url":"https:\/\/hoffmann-fessner.de\/?page_id=233","og_site_name":"Susanne Hoffmann-Fessner","article_modified_time":"2024-04-28T09:22:34+00:00","twitter_card":"summary_large_image","twitter_misc":{"Gesch\u00e4tzte Lesezeit":"1\u00a0Minute"},"schema":{"@context":"https:\/\/schema.org","@graph":[{"@type":"WebPage","@id":"https:\/\/hoffmann-fessner.de\/?page_id=233","url":"https:\/\/hoffmann-fessner.de\/?page_id=233","name":"Was - Susanne Hoffmann-Fessner","isPartOf":{"@id":"https:\/\/hoffmann-fessner.de\/#website"},"datePublished":"2021-01-16T19:28:32+00:00","dateModified":"2024-04-28T09:22:34+00:00","breadcrumb":{"@id":"https:\/\/hoffmann-fessner.de\/?page_id=233#breadcrumb"},"inLanguage":"de","potentialAction":[{"@type":"ReadAction","target":["https:\/\/hoffmann-fessner.de\/?page_id=233"]}]},{"@type":"BreadcrumbList","@id":"https:\/\/hoffmann-fessner.de\/?page_id=233#breadcrumb","itemListElement":[{"@type":"ListItem","position":1,"name":"Startseite","item":"https:\/\/hoffmann-fessner.de\/"},{"@type":"ListItem","position":2,"name":"Was"}]},{"@type":"WebSite","@id":"https:\/\/hoffmann-fessner.de\/#website","url":"https:\/\/hoffmann-fessner.de\/","name":"Susanne Hoffmann-Fessner","description":"","publisher":{"@id":"https:\/\/hoffmann-fessner.de\/#\/schema\/person\/2df4f7f5132f93adf6058efe07541a2d"},"potentialAction":[{"@type":"SearchAction","target":{"@type":"EntryPoint","urlTemplate":"https:\/\/hoffmann-fessner.de\/?s={search_term_string}"},"query-input":{"@type":"PropertyValueSpecification","valueRequired":true,"valueName":"search_term_string"}}],"inLanguage":"de"},{"@type":["Person","Organization"],"@id":"https:\/\/hoffmann-fessner.de\/#\/schema\/person\/2df4f7f5132f93adf6058efe07541a2d","name":"SusanneAdmin1963","image":{"@type":"ImageObject","inLanguage":"de","@id":"https:\/\/hoffmann-fessner.de\/#\/schema\/person\/image\/","url":"https:\/\/secure.gravatar.com\/avatar\/25c3c22a0e6384a630767a9f9dac58d07da1a4000113f8ee3ee81ae797d8a025?s=96&d=mm&r=g","contentUrl":"https:\/\/secure.gravatar.com\/avatar\/25c3c22a0e6384a630767a9f9dac58d07da1a4000113f8ee3ee81ae797d8a025?s=96&d=mm&r=g","caption":"SusanneAdmin1963"},"logo":{"@id":"https:\/\/hoffmann-fessner.de\/#\/schema\/person\/image\/"},"sameAs":["http:\/\/hoffmann-fessner.de"]}]}},"_links":{"self":[{"href":"https:\/\/hoffmann-fessner.de\/index.php?rest_route=\/wp\/v2\/pages\/233","targetHints":{"allow":["GET"]}}],"collection":[{"href":"https:\/\/hoffmann-fessner.de\/index.php?rest_route=\/wp\/v2\/pages"}],"about":[{"href":"https:\/\/hoffmann-fessner.de\/index.php?rest_route=\/wp\/v2\/types\/page"}],"author":[{"embeddable":true,"href":"https:\/\/hoffmann-fessner.de\/index.php?rest_route=\/wp\/v2\/users\/1"}],"replies":[{"embeddable":true,"href":"https:\/\/hoffmann-fessner.de\/index.php?rest_route=%2Fwp%2Fv2%2Fcomments&post=233"}],"version-history":[{"count":10,"href":"https:\/\/hoffmann-fessner.de\/index.php?rest_route=\/wp\/v2\/pages\/233\/revisions"}],"predecessor-version":[{"id":2187,"href":"https:\/\/hoffmann-fessner.de\/index.php?rest_route=\/wp\/v2\/pages\/233\/revisions\/2187"}],"wp:attachment":[{"href":"https:\/\/hoffmann-fessner.de\/index.php?rest_route=%2Fwp%2Fv2%2Fmedia&parent=233"}],"curies":[{"name":"wp","href":"https:\/\/api.w.org\/{rel}","templated":true}]}}