{"id":231,"date":"2021-01-16T19:27:59","date_gmt":"2021-01-16T19:27:59","guid":{"rendered":"http:\/\/hoffmann-fessner.de\/?page_id=231"},"modified":"2024-04-28T09:14:24","modified_gmt":"2024-04-28T09:14:24","slug":"wie-2","status":"publish","type":"page","link":"https:\/\/hoffmann-fessner.de\/?page_id=231","title":{"rendered":"Wie"},"content":{"rendered":"\n<p style=\"font-size:24px\"><strong>Wie kam ich zur SPD?<\/strong><\/p>\n\n\n\n<p>Ich<\/p>\n\n\n\n<ul class=\"wp-block-list\">\n<li>bin 1988 in die SPD eingetreten<\/li>\n\n\n\n<li>habe im Bundestagswahlkampf 1990 Helmut Kohls &#8222;bl\u00fchenden Landschaften&#8220; nicht vertraut<\/li>\n\n\n\n<li>bin h\u00e4ufiger mal unzufrieden gewesen mit meiner Partei, habe aber letztlich an das Prinzip Volkspartei geglaubt<\/li>\n\n\n\n<li>habe keine famili\u00e4re politische Vorpr\u00e4gung<\/li>\n\n\n\n<li>will in der Stadtverordnetenversammlung f\u00fcr mehr Transparenz eintreten<\/li>\n\n\n\n<li>lebe die alten SPD-Werte &#8222;Gerechtigkeit&#8220;, &#8222;Solidarit\u00e4t&#8220; und &#8222;Freiheit&#8220;, weil ich \u00fcberzeugt bin, dass Demokratie nur funktioniert, wenn diese mit Leben gef\u00fcllt wird<\/li>\n\n\n\n<li>bin sehr besorgt \u00fcber den Rechtsruck der Gesellschaft und k\u00e4mpfe mit aller Kraft f\u00fcr eine solidarische Gemeinschaft<\/li>\n<\/ul>\n","protected":false},"excerpt":{"rendered":"<p>Wie kam ich zur SPD? Ich<\/p>\n","protected":false},"author":1,"featured_media":0,"parent":0,"menu_order":0,"comment_status":"closed","ping_status":"closed","template":"","meta":{"_EventAllDay":false,"_EventTimezone":"","_EventStartDate":"","_EventEndDate":"","_EventStartDateUTC":"","_EventEndDateUTC":"","_EventShowMap":false,"_EventShowMapLink":false,"_EventURL":"","_EventCost":"","_EventCostDescription":"","_EventCurrencySymbol":"","_EventCurrencyCode":"","_EventCurrencyPosition":"","_EventDateTimeSeparator":"","_EventTimeRangeSeparator":"","_EventOrganizerID":[],"_EventVenueID":[],"_OrganizerEmail":"","_OrganizerPhone":"","_OrganizerWebsite":"","_VenueAddress":"","_VenueCity":"","_VenueCountry":"","_VenueProvince":"","_VenueState":"","_VenueZip":"","_VenuePhone":"","_VenueURL":"","_VenueStateProvince":"","_VenueLat":"","_VenueLng":"","_VenueShowMap":false,"_VenueShowMapLink":false,"footnotes":""},"class_list":["post-231","page","type-page","status-publish","hentry"],"yoast_head":"<!-- This site is optimized with the Yoast SEO plugin v26.8 - https:\/\/yoast.com\/product\/yoast-seo-wordpress\/ -->\n<title>Wie - Susanne Hoffmann-Fessner<\/title>\n<meta name=\"robots\" content=\"index, follow, max-snippet:-1, max-image-preview:large, max-video-preview:-1\" \/>\n<link rel=\"canonical\" href=\"https:\/\/hoffmann-fessner.de\/?page_id=231\" \/>\n<meta property=\"og:locale\" content=\"de_DE\" \/>\n<meta property=\"og:type\" content=\"article\" \/>\n<meta property=\"og:title\" content=\"Wie - Susanne Hoffmann-Fessner\" \/>\n<meta property=\"og:description\" content=\"Wie kam ich zur SPD? Ich\" \/>\n<meta property=\"og:url\" content=\"https:\/\/hoffmann-fessner.de\/?page_id=231\" \/>\n<meta property=\"og:site_name\" content=\"Susanne Hoffmann-Fessner\" \/>\n<meta property=\"article:modified_time\" content=\"2024-04-28T09:14:24+00:00\" \/>\n<meta name=\"twitter:card\" content=\"summary_large_image\" \/>\n<script type=\"application\/ld+json\" class=\"yoast-schema-graph\">{\"@context\":\"https:\/\/schema.org\",\"@graph\":[{\"@type\":\"WebPage\",\"@id\":\"https:\/\/hoffmann-fessner.de\/?page_id=231\",\"url\":\"https:\/\/hoffmann-fessner.de\/?page_id=231\",\"name\":\"Wie - Susanne Hoffmann-Fessner\",\"isPartOf\":{\"@id\":\"https:\/\/hoffmann-fessner.de\/#website\"},\"datePublished\":\"2021-01-16T19:27:59+00:00\",\"dateModified\":\"2024-04-28T09:14:24+00:00\",\"breadcrumb\":{\"@id\":\"https:\/\/hoffmann-fessner.de\/?page_id=231#breadcrumb\"},\"inLanguage\":\"de\",\"potentialAction\":[{\"@type\":\"ReadAction\",\"target\":[\"https:\/\/hoffmann-fessner.de\/?page_id=231\"]}]},{\"@type\":\"BreadcrumbList\",\"@id\":\"https:\/\/hoffmann-fessner.de\/?page_id=231#breadcrumb\",\"itemListElement\":[{\"@type\":\"ListItem\",\"position\":1,\"name\":\"Startseite\",\"item\":\"https:\/\/hoffmann-fessner.de\/\"},{\"@type\":\"ListItem\",\"position\":2,\"name\":\"Wie\"}]},{\"@type\":\"WebSite\",\"@id\":\"https:\/\/hoffmann-fessner.de\/#website\",\"url\":\"https:\/\/hoffmann-fessner.de\/\",\"name\":\"Susanne Hoffmann-Fessner\",\"description\":\"\",\"publisher\":{\"@id\":\"https:\/\/hoffmann-fessner.de\/#\/schema\/person\/2df4f7f5132f93adf6058efe07541a2d\"},\"potentialAction\":[{\"@type\":\"SearchAction\",\"target\":{\"@type\":\"EntryPoint\",\"urlTemplate\":\"https:\/\/hoffmann-fessner.de\/?s={search_term_string}\"},\"query-input\":{\"@type\":\"PropertyValueSpecification\",\"valueRequired\":true,\"valueName\":\"search_term_string\"}}],\"inLanguage\":\"de\"},{\"@type\":[\"Person\",\"Organization\"],\"@id\":\"https:\/\/hoffmann-fessner.de\/#\/schema\/person\/2df4f7f5132f93adf6058efe07541a2d\",\"name\":\"SusanneAdmin1963\",\"image\":{\"@type\":\"ImageObject\",\"inLanguage\":\"de\",\"@id\":\"https:\/\/hoffmann-fessner.de\/#\/schema\/person\/image\/\",\"url\":\"https:\/\/secure.gravatar.com\/avatar\/25c3c22a0e6384a630767a9f9dac58d07da1a4000113f8ee3ee81ae797d8a025?s=96&d=mm&r=g\",\"contentUrl\":\"https:\/\/secure.gravatar.com\/avatar\/25c3c22a0e6384a630767a9f9dac58d07da1a4000113f8ee3ee81ae797d8a025?s=96&d=mm&r=g\",\"caption\":\"SusanneAdmin1963\"},\"logo\":{\"@id\":\"https:\/\/hoffmann-fessner.de\/#\/schema\/person\/image\/\"},\"sameAs\":[\"http:\/\/hoffmann-fessner.de\"]}]}<\/script>\n<!-- \/ Yoast SEO plugin. -->","yoast_head_json":{"title":"Wie - Susanne Hoffmann-Fessner","robots":{"index":"index","follow":"follow","max-snippet":"max-snippet:-1","max-image-preview":"max-image-preview:large","max-video-preview":"max-video-preview:-1"},"canonical":"https:\/\/hoffmann-fessner.de\/?page_id=231","og_locale":"de_DE","og_type":"article","og_title":"Wie - Susanne Hoffmann-Fessner","og_description":"Wie kam ich zur SPD? Ich","og_url":"https:\/\/hoffmann-fessner.de\/?page_id=231","og_site_name":"Susanne Hoffmann-Fessner","article_modified_time":"2024-04-28T09:14:24+00:00","twitter_card":"summary_large_image","schema":{"@context":"https:\/\/schema.org","@graph":[{"@type":"WebPage","@id":"https:\/\/hoffmann-fessner.de\/?page_id=231","url":"https:\/\/hoffmann-fessner.de\/?page_id=231","name":"Wie - Susanne Hoffmann-Fessner","isPartOf":{"@id":"https:\/\/hoffmann-fessner.de\/#website"},"datePublished":"2021-01-16T19:27:59+00:00","dateModified":"2024-04-28T09:14:24+00:00","breadcrumb":{"@id":"https:\/\/hoffmann-fessner.de\/?page_id=231#breadcrumb"},"inLanguage":"de","potentialAction":[{"@type":"ReadAction","target":["https:\/\/hoffmann-fessner.de\/?page_id=231"]}]},{"@type":"BreadcrumbList","@id":"https:\/\/hoffmann-fessner.de\/?page_id=231#breadcrumb","itemListElement":[{"@type":"ListItem","position":1,"name":"Startseite","item":"https:\/\/hoffmann-fessner.de\/"},{"@type":"ListItem","position":2,"name":"Wie"}]},{"@type":"WebSite","@id":"https:\/\/hoffmann-fessner.de\/#website","url":"https:\/\/hoffmann-fessner.de\/","name":"Susanne Hoffmann-Fessner","description":"","publisher":{"@id":"https:\/\/hoffmann-fessner.de\/#\/schema\/person\/2df4f7f5132f93adf6058efe07541a2d"},"potentialAction":[{"@type":"SearchAction","target":{"@type":"EntryPoint","urlTemplate":"https:\/\/hoffmann-fessner.de\/?s={search_term_string}"},"query-input":{"@type":"PropertyValueSpecification","valueRequired":true,"valueName":"search_term_string"}}],"inLanguage":"de"},{"@type":["Person","Organization"],"@id":"https:\/\/hoffmann-fessner.de\/#\/schema\/person\/2df4f7f5132f93adf6058efe07541a2d","name":"SusanneAdmin1963","image":{"@type":"ImageObject","inLanguage":"de","@id":"https:\/\/hoffmann-fessner.de\/#\/schema\/person\/image\/","url":"https:\/\/secure.gravatar.com\/avatar\/25c3c22a0e6384a630767a9f9dac58d07da1a4000113f8ee3ee81ae797d8a025?s=96&d=mm&r=g","contentUrl":"https:\/\/secure.gravatar.com\/avatar\/25c3c22a0e6384a630767a9f9dac58d07da1a4000113f8ee3ee81ae797d8a025?s=96&d=mm&r=g","caption":"SusanneAdmin1963"},"logo":{"@id":"https:\/\/hoffmann-fessner.de\/#\/schema\/person\/image\/"},"sameAs":["http:\/\/hoffmann-fessner.de"]}]}},"_links":{"self":[{"href":"https:\/\/hoffmann-fessner.de\/index.php?rest_route=\/wp\/v2\/pages\/231","targetHints":{"allow":["GET"]}}],"collection":[{"href":"https:\/\/hoffmann-fessner.de\/index.php?rest_route=\/wp\/v2\/pages"}],"about":[{"href":"https:\/\/hoffmann-fessner.de\/index.php?rest_route=\/wp\/v2\/types\/page"}],"author":[{"embeddable":true,"href":"https:\/\/hoffmann-fessner.de\/index.php?rest_route=\/wp\/v2\/users\/1"}],"replies":[{"embeddable":true,"href":"https:\/\/hoffmann-fessner.de\/index.php?rest_route=%2Fwp%2Fv2%2Fcomments&post=231"}],"version-history":[{"count":8,"href":"https:\/\/hoffmann-fessner.de\/index.php?rest_route=\/wp\/v2\/pages\/231\/revisions"}],"predecessor-version":[{"id":2183,"href":"https:\/\/hoffmann-fessner.de\/index.php?rest_route=\/wp\/v2\/pages\/231\/revisions\/2183"}],"wp:attachment":[{"href":"https:\/\/hoffmann-fessner.de\/index.php?rest_route=%2Fwp%2Fv2%2Fmedia&parent=231"}],"curies":[{"name":"wp","href":"https:\/\/api.w.org\/{rel}","templated":true}]}}