{"id":220,"date":"2021-01-16T18:29:06","date_gmt":"2021-01-16T18:29:06","guid":{"rendered":"http:\/\/hoffmann-fessner.de\/?page_id=220"},"modified":"2024-04-28T09:11:41","modified_gmt":"2024-04-28T09:11:41","slug":"wer-2","status":"publish","type":"page","link":"https:\/\/hoffmann-fessner.de\/?page_id=220","title":{"rendered":"Wer"},"content":{"rendered":"\n<p style=\"font-size:24px\"><strong>Wer ich bin?<\/strong><\/p>\n\n\n\n<p>Ich<\/p>\n\n\n\n<ul class=\"wp-block-list\">\n<li>bin Mutter, Ehefrau, Tochter, Vollzeitbesch\u00e4ftigte, Freundin, Vorsitzende, K\u00f6chin und vieles mehr<\/li>\n\n\n\n<li>kandidierte erstmals bei der Kommunalwahl 2021 auf Patz 4 der Liste der SPD Wiesbaden und bin seither Stadtverordnete und seit 2024 stellvertretende Fraktionsvorsitzende<\/li>\n\n\n\n<li>bin Vorsitzende des Ausschusses f\u00fcr Wirtschaft, Besch\u00e4ftigung, Digitalisierung und Gesundheit der Stadtverordnetenversammlung<\/li>\n\n\n\n<li>bin daneben Mitglied im Sozialausschuss und im \u00c4ltestenrat<\/li>\n\n\n\n<li>bin sozial- und gesundheitspolitische Sprecherin der Fraktion<\/li>\n\n\n\n<li>war seit 2019 stellvertretende Vorsitzende der SPD Wiesbaden<\/li>\n\n\n\n<li>bin seit November 2023 Vorsitzende der SPD Wiesbaden<\/li>\n\n\n\n<li>bin in Wiesbaden-Biebrich aufgewachsen<\/li>\n\n\n\n<li>habe als erstes Kind unserer Familie ein Gymnasium besucht und dann studiert<\/li>\n\n\n\n<li>bin seit 1988 Mitglied der SPD<\/li>\n\n\n\n<li>engagiere mich als Vorsitzende seit 2009 im F\u00f6rderverein der Joseph-von-Eichendorff-Schule, dort organisieren wir die Betreuung von \u00fcber 200 Schulkindern und aktuell den \u00dcbergang in den &#8222;Pakt f\u00fcr den Ganztag&#8220; ab Sommer 2024<\/li>\n\n\n\n<li>habe 2017 die Arbeitsgemeinschaft sozialdemokratischer Frauen (ASF) in Wiesbaden neu mitgegr\u00fcndet und war deren Vorsitzende bis November 2023<\/li>\n\n\n\n<li>bin Beisitzerin der ASF im Bezirk Hessen S\u00fcd seit 2017<\/li>\n\n\n\n<li>trage seit 2010 den Ehrenbrief des Landes Hessen<\/li>\n\n\n\n<li>bin Gr\u00fcndungsmitglied und jahrelange Vorsitzende des F\u00f6rdervereins &#8222;Struwwelpeter&#8220; der Kinderkrippe J\u00e4gerhof<\/li>\n\n\n\n<li>bin als ehemalige Sch\u00fclerin und Schulsprecherin Mitglied im F\u00f6rderverein der Wilhelm-Heinrich-von-Riehl-Schule in Wiesbaden<\/li>\n\n\n\n<li>bin Mitglied bei Pro Familia Wiesbaden<\/li>\n\n\n\n<li>bin Mitglied bei Casa Wiesbaden<\/li>\n\n\n\n<li>bin Mitglied bei den Kerbe Dotzis in Dotzheim<\/li>\n<\/ul>\n","protected":false},"excerpt":{"rendered":"<p>Wer ich bin? Ich<\/p>\n","protected":false},"author":1,"featured_media":0,"parent":0,"menu_order":0,"comment_status":"closed","ping_status":"closed","template":"","meta":{"_EventAllDay":false,"_EventTimezone":"","_EventStartDate":"","_EventEndDate":"","_EventStartDateUTC":"","_EventEndDateUTC":"","_EventShowMap":false,"_EventShowMapLink":false,"_EventURL":"","_EventCost":"","_EventCostDescription":"","_EventCurrencySymbol":"","_EventCurrencyCode":"","_EventCurrencyPosition":"","_EventDateTimeSeparator":"","_EventTimeRangeSeparator":"","_EventOrganizerID":[],"_EventVenueID":[],"_OrganizerEmail":"","_OrganizerPhone":"","_OrganizerWebsite":"","_VenueAddress":"","_VenueCity":"","_VenueCountry":"","_VenueProvince":"","_VenueState":"","_VenueZip":"","_VenuePhone":"","_VenueURL":"","_VenueStateProvince":"","_VenueLat":"","_VenueLng":"","_VenueShowMap":false,"_VenueShowMapLink":false,"footnotes":""},"class_list":["post-220","page","type-page","status-publish","hentry"],"yoast_head":"<!-- This site is optimized with the Yoast SEO plugin v26.8 - https:\/\/yoast.com\/product\/yoast-seo-wordpress\/ -->\n<title>Wer - Susanne Hoffmann-Fessner<\/title>\n<meta name=\"robots\" content=\"index, follow, max-snippet:-1, max-image-preview:large, max-video-preview:-1\" \/>\n<link rel=\"canonical\" href=\"https:\/\/hoffmann-fessner.de\/?page_id=220\" \/>\n<meta property=\"og:locale\" content=\"de_DE\" \/>\n<meta property=\"og:type\" content=\"article\" \/>\n<meta property=\"og:title\" content=\"Wer - Susanne Hoffmann-Fessner\" \/>\n<meta property=\"og:description\" content=\"Wer ich bin? Ich\" \/>\n<meta property=\"og:url\" content=\"https:\/\/hoffmann-fessner.de\/?page_id=220\" \/>\n<meta property=\"og:site_name\" content=\"Susanne Hoffmann-Fessner\" \/>\n<meta property=\"article:modified_time\" content=\"2024-04-28T09:11:41+00:00\" \/>\n<meta name=\"twitter:card\" content=\"summary_large_image\" \/>\n<meta name=\"twitter:label1\" content=\"Gesch\u00e4tzte Lesezeit\" \/>\n\t<meta name=\"twitter:data1\" content=\"1\u00a0Minute\" \/>\n<script type=\"application\/ld+json\" class=\"yoast-schema-graph\">{\"@context\":\"https:\/\/schema.org\",\"@graph\":[{\"@type\":\"WebPage\",\"@id\":\"https:\/\/hoffmann-fessner.de\/?page_id=220\",\"url\":\"https:\/\/hoffmann-fessner.de\/?page_id=220\",\"name\":\"Wer - Susanne Hoffmann-Fessner\",\"isPartOf\":{\"@id\":\"https:\/\/hoffmann-fessner.de\/#website\"},\"datePublished\":\"2021-01-16T18:29:06+00:00\",\"dateModified\":\"2024-04-28T09:11:41+00:00\",\"breadcrumb\":{\"@id\":\"https:\/\/hoffmann-fessner.de\/?page_id=220#breadcrumb\"},\"inLanguage\":\"de\",\"potentialAction\":[{\"@type\":\"ReadAction\",\"target\":[\"https:\/\/hoffmann-fessner.de\/?page_id=220\"]}]},{\"@type\":\"BreadcrumbList\",\"@id\":\"https:\/\/hoffmann-fessner.de\/?page_id=220#breadcrumb\",\"itemListElement\":[{\"@type\":\"ListItem\",\"position\":1,\"name\":\"Startseite\",\"item\":\"https:\/\/hoffmann-fessner.de\/\"},{\"@type\":\"ListItem\",\"position\":2,\"name\":\"Wer\"}]},{\"@type\":\"WebSite\",\"@id\":\"https:\/\/hoffmann-fessner.de\/#website\",\"url\":\"https:\/\/hoffmann-fessner.de\/\",\"name\":\"Susanne Hoffmann-Fessner\",\"description\":\"\",\"publisher\":{\"@id\":\"https:\/\/hoffmann-fessner.de\/#\/schema\/person\/2df4f7f5132f93adf6058efe07541a2d\"},\"potentialAction\":[{\"@type\":\"SearchAction\",\"target\":{\"@type\":\"EntryPoint\",\"urlTemplate\":\"https:\/\/hoffmann-fessner.de\/?s={search_term_string}\"},\"query-input\":{\"@type\":\"PropertyValueSpecification\",\"valueRequired\":true,\"valueName\":\"search_term_string\"}}],\"inLanguage\":\"de\"},{\"@type\":[\"Person\",\"Organization\"],\"@id\":\"https:\/\/hoffmann-fessner.de\/#\/schema\/person\/2df4f7f5132f93adf6058efe07541a2d\",\"name\":\"SusanneAdmin1963\",\"image\":{\"@type\":\"ImageObject\",\"inLanguage\":\"de\",\"@id\":\"https:\/\/hoffmann-fessner.de\/#\/schema\/person\/image\/\",\"url\":\"https:\/\/secure.gravatar.com\/avatar\/25c3c22a0e6384a630767a9f9dac58d07da1a4000113f8ee3ee81ae797d8a025?s=96&d=mm&r=g\",\"contentUrl\":\"https:\/\/secure.gravatar.com\/avatar\/25c3c22a0e6384a630767a9f9dac58d07da1a4000113f8ee3ee81ae797d8a025?s=96&d=mm&r=g\",\"caption\":\"SusanneAdmin1963\"},\"logo\":{\"@id\":\"https:\/\/hoffmann-fessner.de\/#\/schema\/person\/image\/\"},\"sameAs\":[\"http:\/\/hoffmann-fessner.de\"]}]}<\/script>\n<!-- \/ Yoast SEO plugin. -->","yoast_head_json":{"title":"Wer - Susanne Hoffmann-Fessner","robots":{"index":"index","follow":"follow","max-snippet":"max-snippet:-1","max-image-preview":"max-image-preview:large","max-video-preview":"max-video-preview:-1"},"canonical":"https:\/\/hoffmann-fessner.de\/?page_id=220","og_locale":"de_DE","og_type":"article","og_title":"Wer - Susanne Hoffmann-Fessner","og_description":"Wer ich bin? Ich","og_url":"https:\/\/hoffmann-fessner.de\/?page_id=220","og_site_name":"Susanne Hoffmann-Fessner","article_modified_time":"2024-04-28T09:11:41+00:00","twitter_card":"summary_large_image","twitter_misc":{"Gesch\u00e4tzte Lesezeit":"1\u00a0Minute"},"schema":{"@context":"https:\/\/schema.org","@graph":[{"@type":"WebPage","@id":"https:\/\/hoffmann-fessner.de\/?page_id=220","url":"https:\/\/hoffmann-fessner.de\/?page_id=220","name":"Wer - Susanne Hoffmann-Fessner","isPartOf":{"@id":"https:\/\/hoffmann-fessner.de\/#website"},"datePublished":"2021-01-16T18:29:06+00:00","dateModified":"2024-04-28T09:11:41+00:00","breadcrumb":{"@id":"https:\/\/hoffmann-fessner.de\/?page_id=220#breadcrumb"},"inLanguage":"de","potentialAction":[{"@type":"ReadAction","target":["https:\/\/hoffmann-fessner.de\/?page_id=220"]}]},{"@type":"BreadcrumbList","@id":"https:\/\/hoffmann-fessner.de\/?page_id=220#breadcrumb","itemListElement":[{"@type":"ListItem","position":1,"name":"Startseite","item":"https:\/\/hoffmann-fessner.de\/"},{"@type":"ListItem","position":2,"name":"Wer"}]},{"@type":"WebSite","@id":"https:\/\/hoffmann-fessner.de\/#website","url":"https:\/\/hoffmann-fessner.de\/","name":"Susanne Hoffmann-Fessner","description":"","publisher":{"@id":"https:\/\/hoffmann-fessner.de\/#\/schema\/person\/2df4f7f5132f93adf6058efe07541a2d"},"potentialAction":[{"@type":"SearchAction","target":{"@type":"EntryPoint","urlTemplate":"https:\/\/hoffmann-fessner.de\/?s={search_term_string}"},"query-input":{"@type":"PropertyValueSpecification","valueRequired":true,"valueName":"search_term_string"}}],"inLanguage":"de"},{"@type":["Person","Organization"],"@id":"https:\/\/hoffmann-fessner.de\/#\/schema\/person\/2df4f7f5132f93adf6058efe07541a2d","name":"SusanneAdmin1963","image":{"@type":"ImageObject","inLanguage":"de","@id":"https:\/\/hoffmann-fessner.de\/#\/schema\/person\/image\/","url":"https:\/\/secure.gravatar.com\/avatar\/25c3c22a0e6384a630767a9f9dac58d07da1a4000113f8ee3ee81ae797d8a025?s=96&d=mm&r=g","contentUrl":"https:\/\/secure.gravatar.com\/avatar\/25c3c22a0e6384a630767a9f9dac58d07da1a4000113f8ee3ee81ae797d8a025?s=96&d=mm&r=g","caption":"SusanneAdmin1963"},"logo":{"@id":"https:\/\/hoffmann-fessner.de\/#\/schema\/person\/image\/"},"sameAs":["http:\/\/hoffmann-fessner.de"]}]}},"_links":{"self":[{"href":"https:\/\/hoffmann-fessner.de\/index.php?rest_route=\/wp\/v2\/pages\/220","targetHints":{"allow":["GET"]}}],"collection":[{"href":"https:\/\/hoffmann-fessner.de\/index.php?rest_route=\/wp\/v2\/pages"}],"about":[{"href":"https:\/\/hoffmann-fessner.de\/index.php?rest_route=\/wp\/v2\/types\/page"}],"author":[{"embeddable":true,"href":"https:\/\/hoffmann-fessner.de\/index.php?rest_route=\/wp\/v2\/users\/1"}],"replies":[{"embeddable":true,"href":"https:\/\/hoffmann-fessner.de\/index.php?rest_route=%2Fwp%2Fv2%2Fcomments&post=220"}],"version-history":[{"count":13,"href":"https:\/\/hoffmann-fessner.de\/index.php?rest_route=\/wp\/v2\/pages\/220\/revisions"}],"predecessor-version":[{"id":2181,"href":"https:\/\/hoffmann-fessner.de\/index.php?rest_route=\/wp\/v2\/pages\/220\/revisions\/2181"}],"wp:attachment":[{"href":"https:\/\/hoffmann-fessner.de\/index.php?rest_route=%2Fwp%2Fv2%2Fmedia&parent=220"}],"curies":[{"name":"wp","href":"https:\/\/api.w.org\/{rel}","templated":true}]}}